{"id":276,"date":"2026-03-24T17:16:27","date_gmt":"2026-03-24T15:16:27","guid":{"rendered":"https:\/\/senior.club82.ro\/?page_id=276"},"modified":"2026-03-27T14:54:12","modified_gmt":"2026-03-27T12:54:12","slug":"cine-suntem","status":"publish","type":"page","link":"https:\/\/senior.club82.ro\/en\/cine-suntem\/","title":{"rendered":"Who are we?"},"content":{"rendered":"<div data-elementor-type=\"wp-page\" data-elementor-id=\"276\" class=\"elementor elementor-276\" data-elementor-post-type=\"page\">\n\t\t\t\t<div class=\"elementor-element elementor-element-10c97a4a e-flex e-con-boxed e-con e-parent\" data-id=\"10c97a4a\" data-element_type=\"container\" data-e-type=\"container\" data-settings=\"{&quot;background_background&quot;:&quot;classic&quot;}\">\n\t\t\t\t\t<div class=\"e-con-inner\">\n\t\t<div class=\"elementor-element elementor-element-7f28de9e e-flex e-con-boxed e-con e-child\" data-id=\"7f28de9e\" data-element_type=\"container\" data-e-type=\"container\">\n\t\t\t\t\t<div class=\"e-con-inner\">\n\t\t\t\t<div class=\"elementor-element elementor-element-4d009128 elementor-invisible elementor-widget elementor-widget-heading\" data-id=\"4d009128\" data-element_type=\"widget\" data-e-type=\"widget\" data-settings=\"{&quot;_animation&quot;:&quot;fadeInUp&quot;}\" data-widget_type=\"heading.default\">\n\t\t\t\t\t<h1 class=\"elementor-heading-title elementor-size-default\">Who are we?<\/h1>\t\t\t\t<\/div>\n\t\t\t\t<div class=\"elementor-element elementor-element-1adb07f8 elementor-invisible elementor-widget elementor-widget-heading\" data-id=\"1adb07f8\" data-element_type=\"widget\" data-e-type=\"widget\" data-settings=\"{&quot;_animation&quot;:&quot;fadeInUp&quot;,&quot;_animation_delay&quot;:200}\" data-widget_type=\"heading.default\">\n\t\t\t\t\t<h4 class=\"elementor-heading-title elementor-size-default\">Povestea 82 Senior Residence<\/h4>\t\t\t\t<\/div>\n\t\t\t\t\t<\/div>\n\t\t\t\t<\/div>\n\t\t\t\t\t<\/div>\n\t\t\t\t<\/div>\n\t\t<div class=\"elementor-element elementor-element-7965bbdf e-flex e-con-boxed e-con e-parent\" data-id=\"7965bbdf\" data-element_type=\"container\" data-e-type=\"container\">\n\t\t\t\t\t<div class=\"e-con-inner\">\n\t\t<div class=\"elementor-element elementor-element-7fc9ac44 e-con-full e-flex elementor-invisible e-con e-child\" data-id=\"7fc9ac44\" data-element_type=\"container\" data-e-type=\"container\" data-settings=\"{&quot;animation&quot;:&quot;fadeInLeft&quot;}\">\n\t\t\t\t<div class=\"elementor-element elementor-element-16ea7966 elementor-widget elementor-widget-heading\" data-id=\"16ea7966\" data-element_type=\"widget\" data-e-type=\"widget\" data-widget_type=\"heading.default\">\n\t\t\t\t\t<h6 class=\"elementor-heading-title elementor-size-default\">Povestea noastr\u0103<\/h6>\t\t\t\t<\/div>\n\t\t\t\t<div class=\"elementor-element elementor-element-2446ad0e elementor-widget elementor-widget-heading\" data-id=\"2446ad0e\" data-element_type=\"widget\" data-e-type=\"widget\" data-widget_type=\"heading.default\">\n\t\t\t\t\t<h2 class=\"elementor-heading-title elementor-size-default\">Totul a \u00eenceput cu o convingere simpl\u0103: v\u00e2rstnicii merit\u0103 mai mult dec\u00e2t supravie\u021buire. Merit\u0103 s\u0103 tr\u0103iasc\u0103 bine.\n<\/h2>\t\t\t\t<\/div>\n\t\t\t\t<div class=\"elementor-element elementor-element-169ad5d5 elementor-widget elementor-widget-text-editor\" data-id=\"169ad5d5\" data-element_type=\"widget\" data-e-type=\"widget\" data-widget_type=\"text-editor.default\">\n\t\t\t\t\t\t\t\t\t<p>82 Senior Residence s-a n\u0103scut din tradi\u021bia ospitalit\u0103\u021bii Club 82 \u2014 o destina\u021bie cu 1 an de experien\u021b\u0103 \u00een primirea \u0219i \u00eengrijirea oamenilor \u00een N\u0103dlac, jude\u021bul Arad. Am v\u0103zut de-a lungul anilor c\u00e2t de greu este pentru familii s\u0103 g\u0103seasc\u0103 o solu\u021bie demn\u0103 \u0219i profesionist\u0103 de \u00eengrijire pentru p\u0103rin\u021bii \u0219i bunicii lor. Am decis s\u0103 fim noi acea solu\u021bie.<\/p>\t\t\t\t\t\t\t\t<\/div>\n\t\t\t\t<div class=\"elementor-element elementor-element-e677f20 elementor-widget elementor-widget-text-editor\" data-id=\"e677f20\" data-element_type=\"widget\" data-e-type=\"widget\" data-widget_type=\"text-editor.default\">\n\t\t\t\t\t\t\t\t\t<p>Nu suntem un azil. Nu suntem o institu\u021bie rece cu coridoare lungi \u0219i personal absent. Suntem o a doua cas\u0103 \u2014 unde fiecare rezident este cunoscut pe nume, unde m\u00e2ncarea este g\u0103tit\u0103 \u00een fiecare zi \u0219i unde nimeni nu doarme singur cu grijile lui.<\/p>\t\t\t\t\t\t\t\t<\/div>\n\t\t\t\t<\/div>\n\t\t<div class=\"elementor-element elementor-element-1543d739 e-con-full e-grid e-con e-child\" data-id=\"1543d739\" data-element_type=\"container\" data-e-type=\"container\">\n\t\t\t\t<div class=\"elementor-element elementor-element-14928206 elementor-invisible elementor-widget elementor-widget-image\" data-id=\"14928206\" data-element_type=\"widget\" data-e-type=\"widget\" data-settings=\"{&quot;_animation&quot;:&quot;fadeInUp&quot;}\" data-widget_type=\"image.default\">\n\t\t\t\t\t\t\t\t\t\t\t\t\t\t\t<img fetchpriority=\"high\" decoding=\"async\" width=\"1280\" height=\"854\" src=\"https:\/\/senior.club82.ro\/wp-content\/uploads\/2026\/03\/beautiful-senior-woman-and-daughter-baking-in-the-kitchen-1.jpg\" class=\"attachment-full size-full wp-image-181\" alt=\"\" srcset=\"https:\/\/senior.club82.ro\/wp-content\/uploads\/2026\/03\/beautiful-senior-woman-and-daughter-baking-in-the-kitchen-1.jpg 1280w, https:\/\/senior.club82.ro\/wp-content\/uploads\/2026\/03\/beautiful-senior-woman-and-daughter-baking-in-the-kitchen-1-300x200.jpg 300w, https:\/\/senior.club82.ro\/wp-content\/uploads\/2026\/03\/beautiful-senior-woman-and-daughter-baking-in-the-kitchen-1-1024x683.jpg 1024w, https:\/\/senior.club82.ro\/wp-content\/uploads\/2026\/03\/beautiful-senior-woman-and-daughter-baking-in-the-kitchen-1-768x512.jpg 768w\" sizes=\"(max-width: 1280px) 100vw, 1280px\" \/>\t\t\t\t\t\t\t\t\t\t\t\t\t\t\t<\/div>\n\t\t\t\t<div class=\"elementor-element elementor-element-a7c865f elementor-invisible elementor-widget elementor-widget-image\" data-id=\"a7c865f\" data-element_type=\"widget\" data-e-type=\"widget\" data-settings=\"{&quot;_animation&quot;:&quot;fadeInDown&quot;}\" data-widget_type=\"image.default\">\n\t\t\t\t\t\t\t\t\t\t\t\t\t\t\t<img decoding=\"async\" width=\"1280\" height=\"853\" src=\"https:\/\/senior.club82.ro\/wp-content\/uploads\/2026\/03\/dementia-and-occupational-therapy-home-caregiver-and-senior-adult-woman.jpg\" class=\"attachment-full size-full wp-image-182\" alt=\"\" srcset=\"https:\/\/senior.club82.ro\/wp-content\/uploads\/2026\/03\/dementia-and-occupational-therapy-home-caregiver-and-senior-adult-woman.jpg 1280w, https:\/\/senior.club82.ro\/wp-content\/uploads\/2026\/03\/dementia-and-occupational-therapy-home-caregiver-and-senior-adult-woman-300x200.jpg 300w, https:\/\/senior.club82.ro\/wp-content\/uploads\/2026\/03\/dementia-and-occupational-therapy-home-caregiver-and-senior-adult-woman-1024x682.jpg 1024w, https:\/\/senior.club82.ro\/wp-content\/uploads\/2026\/03\/dementia-and-occupational-therapy-home-caregiver-and-senior-adult-woman-768x512.jpg 768w\" sizes=\"(max-width: 1280px) 100vw, 1280px\" \/>\t\t\t\t\t\t\t\t\t\t\t\t\t\t\t<\/div>\n\t\t\t\t<div class=\"elementor-element elementor-element-693955cd elementor-invisible elementor-widget elementor-widget-image\" data-id=\"693955cd\" data-element_type=\"widget\" data-e-type=\"widget\" data-settings=\"{&quot;_animation&quot;:&quot;fadeInUp&quot;}\" data-widget_type=\"image.default\">\n\t\t\t\t\t\t\t\t\t\t\t\t\t\t\t<img decoding=\"async\" width=\"1280\" height=\"853\" src=\"https:\/\/senior.club82.ro\/wp-content\/uploads\/2026\/03\/happy-senior-woman-going-through-her-medical-data-with-young-nurse-at-residential-care-home-.jpg\" class=\"attachment-full size-full wp-image-183\" alt=\"\" srcset=\"https:\/\/senior.club82.ro\/wp-content\/uploads\/2026\/03\/happy-senior-woman-going-through-her-medical-data-with-young-nurse-at-residential-care-home-.jpg 1280w, https:\/\/senior.club82.ro\/wp-content\/uploads\/2026\/03\/happy-senior-woman-going-through-her-medical-data-with-young-nurse-at-residential-care-home--300x200.jpg 300w, https:\/\/senior.club82.ro\/wp-content\/uploads\/2026\/03\/happy-senior-woman-going-through-her-medical-data-with-young-nurse-at-residential-care-home--1024x682.jpg 1024w, https:\/\/senior.club82.ro\/wp-content\/uploads\/2026\/03\/happy-senior-woman-going-through-her-medical-data-with-young-nurse-at-residential-care-home--768x512.jpg 768w\" sizes=\"(max-width: 1280px) 100vw, 1280px\" \/>\t\t\t\t\t\t\t\t\t\t\t\t\t\t\t<\/div>\n\t\t\t\t<\/div>\n\t\t\t\t\t<\/div>\n\t\t\t\t<\/div>\n\t\t<div class=\"elementor-element elementor-element-15341227 e-flex e-con-boxed e-con e-parent\" data-id=\"15341227\" data-element_type=\"container\" data-e-type=\"container\" data-settings=\"{&quot;background_background&quot;:&quot;classic&quot;}\">\n\t\t\t\t\t<div class=\"e-con-inner\">\n\t\t<div class=\"elementor-element elementor-element-68cfb058 e-con-full e-flex elementor-invisible e-con e-child\" data-id=\"68cfb058\" data-element_type=\"container\" data-e-type=\"container\" data-settings=\"{&quot;animation&quot;:&quot;fadeInRight&quot;}\">\n\t\t\t\t<div class=\"elementor-element elementor-element-6eb15ea5 elementor-widget elementor-widget-heading\" data-id=\"6eb15ea5\" data-element_type=\"widget\" data-e-type=\"widget\" data-widget_type=\"heading.default\">\n\t\t\t\t\t<h2 class=\"elementor-heading-title elementor-size-default\">Misiunea noastr\u0103?<\/h2>\t\t\t\t<\/div>\n\t\t\t\t<div class=\"elementor-element elementor-element-195a8fc8 elementor-widget elementor-widget-heading\" data-id=\"195a8fc8\" data-element_type=\"widget\" data-e-type=\"widget\" data-widget_type=\"heading.default\">\n\t\t\t\t\t<div class=\"elementor-heading-title elementor-size-default\">S\u0103 oferim fiec\u0103rui senior din grija noastr\u0103 zilele cele mai bune pe care le poate tr\u0103i \u2014 cu demnitate, siguran\u021b\u0103 \u0219i bucurie.<br>\nMisiunea noastr\u0103 nu este doar s\u0103 \u00eengrijim corpul. Este s\u0103 \u00eengrijim omul \u00eentreg: s\u0103n\u0103tatea fizic\u0103, starea emo\u021bional\u0103, conexiunile sociale \u0219i sentimentul c\u0103 via\u021ba are \u00een continuare sens \u0219i valoare.\n<\/div>\t\t\t\t<\/div>\n\t\t\t\t<div class=\"elementor-element elementor-element-63c5e10a elementor-widget elementor-widget-button\" data-id=\"63c5e10a\" data-element_type=\"widget\" data-e-type=\"widget\" data-widget_type=\"button.default\">\n\t\t\t\t\t\t\t\t\t\t<a class=\"elementor-button elementor-button-link elementor-size-sm\" href=\"https:\/\/senior.club82.ro\/en\/contact\/\">\n\t\t\t\t\t\t<span class=\"elementor-button-content-wrapper\">\n\t\t\t\t\t\t<span class=\"elementor-button-icon\">\n\t\t\t\t<svg aria-hidden=\"true\" class=\"e-font-icon-svg e-fas-arrow-right\" viewbox=\"0 0 448 512\" xmlns=\"http:\/\/www.w3.org\/2000\/svg\"><path d=\"M190.5 66.9l22.2-22.2c9.4-9.4 24.6-9.4 33.9 0L441 239c9.4 9.4 9.4 24.6 0 33.9L246.6 467.3c-9.4 9.4-24.6 9.4-33.9 0l-22.2-22.2c-9.5-9.5-9.3-25 .4-34.3L311.4 296H24c-13.3 0-24-10.7-24-24v-32c0-13.3 10.7-24 24-24h287.4L190.9 101.2c-9.8-9.3-10-24.8-.4-34.3z\"><\/path><\/svg>\t\t\t<\/span>\n\t\t\t\t\t\t\t\t\t<span class=\"elementor-button-text\">Request a visit<\/span>\n\t\t\t\t\t<\/span>\n\t\t\t\t\t<\/a>\n\t\t\t\t\t\t\t\t<\/div>\n\t\t\t\t<\/div>\n\t\t\t\t\t<\/div>\n\t\t\t\t<\/div>\n\t\t<div class=\"elementor-element elementor-element-4d1207d5 e-flex e-con-boxed e-con e-parent\" data-id=\"4d1207d5\" data-element_type=\"container\" data-e-type=\"container\">\n\t\t\t\t\t<div class=\"e-con-inner\">\n\t\t<div class=\"elementor-element elementor-element-4a6f6b5e e-con-full e-flex elementor-invisible e-con e-child\" data-id=\"4a6f6b5e\" data-element_type=\"container\" data-e-type=\"container\" data-settings=\"{&quot;animation&quot;:&quot;fadeInLeft&quot;}\">\n\t\t\t\t<div class=\"elementor-element elementor-element-420ec286 elementor-widget elementor-widget-image\" data-id=\"420ec286\" data-element_type=\"widget\" data-e-type=\"widget\" data-widget_type=\"image.default\">\n\t\t\t\t\t\t\t\t\t\t\t\t\t\t\t<img loading=\"lazy\" decoding=\"async\" width=\"1280\" height=\"853\" src=\"https:\/\/senior.club82.ro\/wp-content\/uploads\/2026\/03\/happy-senior-woman-talking-with-female-caregiver.jpg\" class=\"attachment-full size-full wp-image-190\" alt=\"\" srcset=\"https:\/\/senior.club82.ro\/wp-content\/uploads\/2026\/03\/happy-senior-woman-talking-with-female-caregiver.jpg 1280w, https:\/\/senior.club82.ro\/wp-content\/uploads\/2026\/03\/happy-senior-woman-talking-with-female-caregiver-300x200.jpg 300w, https:\/\/senior.club82.ro\/wp-content\/uploads\/2026\/03\/happy-senior-woman-talking-with-female-caregiver-1024x682.jpg 1024w, https:\/\/senior.club82.ro\/wp-content\/uploads\/2026\/03\/happy-senior-woman-talking-with-female-caregiver-768x512.jpg 768w\" sizes=\"(max-width: 1280px) 100vw, 1280px\" \/>\t\t\t\t\t\t\t\t\t\t\t\t\t\t\t<\/div>\n\t\t\t\t<\/div>\n\t\t<div class=\"elementor-element elementor-element-1af36a60 e-con-full e-flex e-con e-child\" data-id=\"1af36a60\" data-element_type=\"container\" data-e-type=\"container\">\n\t\t\t\t<div class=\"elementor-element elementor-element-51bdcc6b elementor-invisible elementor-widget elementor-widget-heading\" data-id=\"51bdcc6b\" data-element_type=\"widget\" data-e-type=\"widget\" data-settings=\"{&quot;_animation&quot;:&quot;fadeInUp&quot;,&quot;_animation_delay&quot;:200}\" data-widget_type=\"heading.default\">\n\t\t\t\t\t<h6 class=\"elementor-heading-title elementor-size-default\">Volorile noastre<\/h6>\t\t\t\t<\/div>\n\t\t\t\t<div class=\"elementor-element elementor-element-61177257 elementor-invisible elementor-widget elementor-widget-heading\" data-id=\"61177257\" data-element_type=\"widget\" data-e-type=\"widget\" data-settings=\"{&quot;_animation&quot;:&quot;fadeInUp&quot;,&quot;_animation_delay&quot;:300}\" data-widget_type=\"heading.default\">\n\t\t\t\t\t<h2 class=\"elementor-heading-title elementor-size-default\">Valorile care ne ghideaz\u0103<\/h2>\t\t\t\t<\/div>\n\t\t\t\t<div class=\"elementor-element elementor-element-10f72ca3 elementor-view-stacked elementor-position-inline-start elementor-mobile-position-inline-start elementor-shape-circle elementor-invisible elementor-widget elementor-widget-icon-box\" data-id=\"10f72ca3\" data-element_type=\"widget\" data-e-type=\"widget\" data-settings=\"{&quot;_animation&quot;:&quot;fadeInUp&quot;,&quot;_animation_delay&quot;:375}\" data-widget_type=\"icon-box.default\">\n\t\t\t\t\t\t\t<div class=\"elementor-icon-box-wrapper\">\n\n\t\t\t\t\t\t<div class=\"elementor-icon-box-icon\">\n\t\t\t\t<span  class=\"elementor-icon\">\n\t\t\t\t<svg aria-hidden=\"true\" class=\"e-font-icon-svg e-far-flag\" viewbox=\"0 0 512 512\" xmlns=\"http:\/\/www.w3.org\/2000\/svg\"><path d=\"M336.174 80c-49.132 0-93.305-32-161.913-32-31.301 0-58.303 6.482-80.721 15.168a48.04 48.04 0 0 0 2.142-20.727C93.067 19.575 74.167 1.594 51.201.104 23.242-1.71 0 20.431 0 48c0 17.764 9.657 33.262 24 41.562V496c0 8.837 7.163 16 16 16h16c8.837 0 16-7.163 16-16v-83.443C109.869 395.28 143.259 384 199.826 384c49.132 0 93.305 32 161.913 32 58.479 0 101.972-22.617 128.548-39.981C503.846 367.161 512 352.051 512 335.855V95.937c0-34.459-35.264-57.768-66.904-44.117C409.193 67.309 371.641 80 336.174 80zM464 336c-21.783 15.412-60.824 32-102.261 32-59.945 0-102.002-32-161.913-32-43.361 0-96.379 9.403-127.826 24V128c21.784-15.412 60.824-32 102.261-32 59.945 0 102.002 32 161.913 32 43.271 0 96.32-17.366 127.826-32v240z\"><\/path><\/svg>\t\t\t\t<\/span>\n\t\t\t<\/div>\n\t\t\t\n\t\t\t\t\t\t<div class=\"elementor-icon-box-content\">\n\n\t\t\t\t\t\t\t\t\t<div class=\"elementor-icon-box-title\">\n\t\t\t\t\t\t<span  >\n\t\t\t\t\t\t\tDemnitate \u00eenainte de orice\t\t\t\t\t\t<\/span>\n\t\t\t\t\t<\/div>\n\t\t\t\t\n\t\t\t\t\t\t\t\t\t<p class=\"elementor-icon-box-description\">\n\t\t\t\t\t\tFiecare decizie pe care o lu\u0103m, de la designul camerelor p\u00e2n\u0103 la modul \u00een care personalul comunic\u0103 cu reziden\u021bii, porne\u0219te de la respectul necondi\u021bionat fa\u021b\u0103 de persoana v\u00e2rstnic\u0103. V\u00e2rsta nu reduce valoarea unui om.\t\t\t\t\t<\/p>\n\t\t\t\t\n\t\t\t<\/div>\n\t\t\t\n\t\t<\/div>\n\t\t\t\t\t\t<\/div>\n\t\t\t\t<div class=\"elementor-element elementor-element-53d9e0ca elementor-view-stacked elementor-position-inline-start elementor-mobile-position-inline-start elementor-shape-circle elementor-invisible elementor-widget elementor-widget-icon-box\" data-id=\"53d9e0ca\" data-element_type=\"widget\" data-e-type=\"widget\" data-settings=\"{&quot;_animation&quot;:&quot;fadeInUp&quot;,&quot;_animation_delay&quot;:400}\" data-widget_type=\"icon-box.default\">\n\t\t\t\t\t\t\t<div class=\"elementor-icon-box-wrapper\">\n\n\t\t\t\t\t\t<div class=\"elementor-icon-box-icon\">\n\t\t\t\t<span  class=\"elementor-icon\">\n\t\t\t\t<svg aria-hidden=\"true\" class=\"e-font-icon-svg e-far-flag\" viewbox=\"0 0 512 512\" xmlns=\"http:\/\/www.w3.org\/2000\/svg\"><path d=\"M336.174 80c-49.132 0-93.305-32-161.913-32-31.301 0-58.303 6.482-80.721 15.168a48.04 48.04 0 0 0 2.142-20.727C93.067 19.575 74.167 1.594 51.201.104 23.242-1.71 0 20.431 0 48c0 17.764 9.657 33.262 24 41.562V496c0 8.837 7.163 16 16 16h16c8.837 0 16-7.163 16-16v-83.443C109.869 395.28 143.259 384 199.826 384c49.132 0 93.305 32 161.913 32 58.479 0 101.972-22.617 128.548-39.981C503.846 367.161 512 352.051 512 335.855V95.937c0-34.459-35.264-57.768-66.904-44.117C409.193 67.309 371.641 80 336.174 80zM464 336c-21.783 15.412-60.824 32-102.261 32-59.945 0-102.002-32-161.913-32-43.361 0-96.379 9.403-127.826 24V128c21.784-15.412 60.824-32 102.261-32 59.945 0 102.002 32 161.913 32 43.271 0 96.32-17.366 127.826-32v240z\"><\/path><\/svg>\t\t\t\t<\/span>\n\t\t\t<\/div>\n\t\t\t\n\t\t\t\t\t\t<div class=\"elementor-icon-box-content\">\n\n\t\t\t\t\t\t\t\t\t<div class=\"elementor-icon-box-title\">\n\t\t\t\t\t\t<span  >\n\t\t\t\t\t\t\tTransparen\u021b\u0103 fa\u021b\u0103 de familie\t\t\t\t\t\t<\/span>\n\t\t\t\t\t<\/div>\n\t\t\t\t\n\t\t\t\t\t\t\t\t\t<p class=\"elementor-icon-box-description\">\n\t\t\t\t\t\tFamilia nu \u201epred\u0103\" un senior \u2014 colaboreaz\u0103 cu noi pentru binele lui. De aceea comunic\u0103m deschis, regulat \u0219i proactiv. Nu a\u0219tept\u0103m s\u0103 ne \u00eentreba\u021bi \u2014 v\u0103 inform\u0103m.\t\t\t\t\t<\/p>\n\t\t\t\t\n\t\t\t<\/div>\n\t\t\t\n\t\t<\/div>\n\t\t\t\t\t\t<\/div>\n\t\t\t\t<div class=\"elementor-element elementor-element-368eed8 elementor-view-stacked elementor-position-inline-start elementor-mobile-position-inline-start elementor-shape-circle elementor-invisible elementor-widget elementor-widget-icon-box\" data-id=\"368eed8\" data-element_type=\"widget\" data-e-type=\"widget\" data-settings=\"{&quot;_animation&quot;:&quot;fadeInUp&quot;,&quot;_animation_delay&quot;:375}\" data-widget_type=\"icon-box.default\">\n\t\t\t\t\t\t\t<div class=\"elementor-icon-box-wrapper\">\n\n\t\t\t\t\t\t<div class=\"elementor-icon-box-icon\">\n\t\t\t\t<span  class=\"elementor-icon\">\n\t\t\t\t<svg aria-hidden=\"true\" class=\"e-font-icon-svg e-far-flag\" viewbox=\"0 0 512 512\" xmlns=\"http:\/\/www.w3.org\/2000\/svg\"><path d=\"M336.174 80c-49.132 0-93.305-32-161.913-32-31.301 0-58.303 6.482-80.721 15.168a48.04 48.04 0 0 0 2.142-20.727C93.067 19.575 74.167 1.594 51.201.104 23.242-1.71 0 20.431 0 48c0 17.764 9.657 33.262 24 41.562V496c0 8.837 7.163 16 16 16h16c8.837 0 16-7.163 16-16v-83.443C109.869 395.28 143.259 384 199.826 384c49.132 0 93.305 32 161.913 32 58.479 0 101.972-22.617 128.548-39.981C503.846 367.161 512 352.051 512 335.855V95.937c0-34.459-35.264-57.768-66.904-44.117C409.193 67.309 371.641 80 336.174 80zM464 336c-21.783 15.412-60.824 32-102.261 32-59.945 0-102.002-32-161.913-32-43.361 0-96.379 9.403-127.826 24V128c21.784-15.412 60.824-32 102.261-32 59.945 0 102.002 32 161.913 32 43.271 0 96.32-17.366 127.826-32v240z\"><\/path><\/svg>\t\t\t\t<\/span>\n\t\t\t<\/div>\n\t\t\t\n\t\t\t\t\t\t<div class=\"elementor-icon-box-content\">\n\n\t\t\t\t\t\t\t\t\t<div class=\"elementor-icon-box-title\">\n\t\t\t\t\t\t<span  >\n\t\t\t\t\t\t\tProfesionalism cu inim\u0103\t\t\t\t\t\t<\/span>\n\t\t\t\t\t<\/div>\n\t\t\t\t\n\t\t\t\t\t\t\t\t\t<p class=\"elementor-icon-box-description\">\n\t\t\t\t\t\tAvem protocoale, proceduri \u0219i standarde. Dar \u0219tim c\u0103 protocoalele nu \u00eenlocuiesc empatia. Angaj\u0103m oameni care au ambele: competen\u021ba tehnic\u0103 \u0219i voca\u021bia de a \u00eengriji.\t\t\t\t\t<\/p>\n\t\t\t\t\n\t\t\t<\/div>\n\t\t\t\n\t\t<\/div>\n\t\t\t\t\t\t<\/div>\n\t\t\t\t<div class=\"elementor-element elementor-element-e7353d1 elementor-view-stacked elementor-position-inline-start elementor-mobile-position-inline-start elementor-shape-circle elementor-invisible elementor-widget elementor-widget-icon-box\" data-id=\"e7353d1\" data-element_type=\"widget\" data-e-type=\"widget\" data-settings=\"{&quot;_animation&quot;:&quot;fadeInUp&quot;,&quot;_animation_delay&quot;:400}\" data-widget_type=\"icon-box.default\">\n\t\t\t\t\t\t\t<div class=\"elementor-icon-box-wrapper\">\n\n\t\t\t\t\t\t<div class=\"elementor-icon-box-icon\">\n\t\t\t\t<span  class=\"elementor-icon\">\n\t\t\t\t<svg aria-hidden=\"true\" class=\"e-font-icon-svg e-far-flag\" viewbox=\"0 0 512 512\" xmlns=\"http:\/\/www.w3.org\/2000\/svg\"><path d=\"M336.174 80c-49.132 0-93.305-32-161.913-32-31.301 0-58.303 6.482-80.721 15.168a48.04 48.04 0 0 0 2.142-20.727C93.067 19.575 74.167 1.594 51.201.104 23.242-1.71 0 20.431 0 48c0 17.764 9.657 33.262 24 41.562V496c0 8.837 7.163 16 16 16h16c8.837 0 16-7.163 16-16v-83.443C109.869 395.28 143.259 384 199.826 384c49.132 0 93.305 32 161.913 32 58.479 0 101.972-22.617 128.548-39.981C503.846 367.161 512 352.051 512 335.855V95.937c0-34.459-35.264-57.768-66.904-44.117C409.193 67.309 371.641 80 336.174 80zM464 336c-21.783 15.412-60.824 32-102.261 32-59.945 0-102.002-32-161.913-32-43.361 0-96.379 9.403-127.826 24V128c21.784-15.412 60.824-32 102.261-32 59.945 0 102.002 32 161.913 32 43.271 0 96.32-17.366 127.826-32v240z\"><\/path><\/svg>\t\t\t\t<\/span>\n\t\t\t<\/div>\n\t\t\t\n\t\t\t\t\t\t<div class=\"elementor-icon-box-content\">\n\n\t\t\t\t\t\t\t\t\t<div class=\"elementor-icon-box-title\">\n\t\t\t\t\t\t<span  >\n\t\t\t\t\t\t\t\u00cembun\u0103t\u0103\u021bire continu\u0103\t\t\t\t\t\t<\/span>\n\t\t\t\t\t<\/div>\n\t\t\t\t\n\t\t\t\t\t\t\t\t\t<p class=\"elementor-icon-box-description\">\n\t\t\t\t\t\tMedicina geriatric\u0103 evolueaz\u0103. Cele mai bune practici \u00een \u00eengrijirea v\u00e2rstnicilor evolueaz\u0103. Ne form\u0103m continuu, investim \u00een echipamente \u0219i adapt\u0103m metodele pentru a oferi mereu cel mai bun standard de \u00eengrijire disponibil.\t\t\t\t\t<\/p>\n\t\t\t\t\n\t\t\t<\/div>\n\t\t\t\n\t\t<\/div>\n\t\t\t\t\t\t<\/div>\n\t\t\t\t<\/div>\n\t\t\t\t\t<\/div>\n\t\t\t\t<\/div>\n\t\t<div class=\"elementor-element elementor-element-bf81907 e-flex e-con-boxed e-con e-parent\" data-id=\"bf81907\" data-element_type=\"container\" data-e-type=\"container\" data-settings=\"{&quot;background_background&quot;:&quot;classic&quot;}\">\n\t\t\t\t\t<div class=\"e-con-inner\">\n\t\t<div class=\"elementor-element elementor-element-5c7d045 e-con-full e-flex elementor-invisible e-con e-child\" data-id=\"5c7d045\" data-element_type=\"container\" data-e-type=\"container\" data-settings=\"{&quot;animation&quot;:&quot;fadeInRight&quot;}\">\n\t\t\t\t<div class=\"elementor-element elementor-element-b461245 elementor-widget elementor-widget-heading\" data-id=\"b461245\" data-element_type=\"widget\" data-e-type=\"widget\" data-widget_type=\"heading.default\">\n\t\t\t\t\t<h2 class=\"elementor-heading-title elementor-size-default\">De ce am ales N\u0103dlacul<\/h2>\t\t\t\t<\/div>\n\t\t\t\t<div class=\"elementor-element elementor-element-1442624 elementor-widget elementor-widget-heading\" data-id=\"1442624\" data-element_type=\"widget\" data-e-type=\"widget\" data-widget_type=\"heading.default\">\n\t\t\t\t\t<div class=\"elementor-heading-title elementor-size-default\">N\u0103dlac nu este \u00eent\u00e2mpl\u0103tor. Este comunitatea noastr\u0103. Suntem din vestul Aradului, cunoa\u0219tem oamenii \u0219i familiile de aici, \u0219tim ce \u00eenseamn\u0103 s\u0103 tr\u0103ie\u0219ti la grani\u021ba cu Europa \u0219i s\u0103 \u00ee\u021bi dore\u0219ti servicii la standarde europene \u2014 f\u0103r\u0103 s\u0103 fie nevoie s\u0103 pleci din \u021bar\u0103.<br>\n\nLoca\u021bia noastr\u0103 este \u0219i un avantaj strategic: la 40 km de Arad, accesibili din tot jude\u021bul \u0219i din Ungaria \u2014 ideal pentru seniori ai c\u0103ror copii tr\u0103iesc \u00een diaspora vest-european\u0103.\n<\/div>\t\t\t\t<\/div>\n\t\t\t\t<div class=\"elementor-element elementor-element-1044478 elementor-widget elementor-widget-button\" data-id=\"1044478\" data-element_type=\"widget\" data-e-type=\"widget\" data-widget_type=\"button.default\">\n\t\t\t\t\t\t\t\t\t\t<a class=\"elementor-button elementor-button-link elementor-size-sm\" href=\"https:\/\/senior.club82.ro\/en\/contact\/\">\n\t\t\t\t\t\t<span class=\"elementor-button-content-wrapper\">\n\t\t\t\t\t\t<span class=\"elementor-button-icon\">\n\t\t\t\t<svg aria-hidden=\"true\" class=\"e-font-icon-svg e-fas-arrow-right\" viewbox=\"0 0 448 512\" xmlns=\"http:\/\/www.w3.org\/2000\/svg\"><path d=\"M190.5 66.9l22.2-22.2c9.4-9.4 24.6-9.4 33.9 0L441 239c9.4 9.4 9.4 24.6 0 33.9L246.6 467.3c-9.4 9.4-24.6 9.4-33.9 0l-22.2-22.2c-9.5-9.5-9.3-25 .4-34.3L311.4 296H24c-13.3 0-24-10.7-24-24v-32c0-13.3 10.7-24 24-24h287.4L190.9 101.2c-9.8-9.3-10-24.8-.4-34.3z\"><\/path><\/svg>\t\t\t<\/span>\n\t\t\t\t\t\t\t\t\t<span class=\"elementor-button-text\">Hai s\u0103 ne cunoa\u0219tem<\/span>\n\t\t\t\t\t<\/span>\n\t\t\t\t\t<\/a>\n\t\t\t\t\t\t\t\t<\/div>\n\t\t\t\t<\/div>\n\t\t\t\t\t<\/div>\n\t\t\t\t<\/div>\n\t\t\t\t<\/div>","protected":false},"excerpt":{"rendered":"<p>Povestea 82 Senior Residence Povestea noastr\u0103 Totul a \u00eenceput cu o convingere simpl\u0103: v\u00e2rstnicii merit\u0103 mai mult dec\u00e2t supravie\u021buire. Merit\u0103 s\u0103 tr\u0103iasc\u0103 bine. 82 Senior Residence s-a n\u0103scut din tradi\u021bia ospitalit\u0103\u021bii Club 82 \u2014 o destina\u021bie cu 1 an de experien\u021b\u0103 \u00een primirea \u0219i \u00eengrijirea oamenilor \u00een N\u0103dlac, jude\u021bul Arad. Am v\u0103zut de-a lungul anilor [&hellip;]<\/p>","protected":false},"author":1,"featured_media":0,"parent":0,"menu_order":0,"comment_status":"closed","ping_status":"closed","template":"elementor_header_footer","meta":{"footnotes":""},"class_list":["post-276","page","type-page","status-publish","hentry"],"_links":{"self":[{"href":"https:\/\/senior.club82.ro\/en\/wp-json\/wp\/v2\/pages\/276","targetHints":{"allow":["GET"]}}],"collection":[{"href":"https:\/\/senior.club82.ro\/en\/wp-json\/wp\/v2\/pages"}],"about":[{"href":"https:\/\/senior.club82.ro\/en\/wp-json\/wp\/v2\/types\/page"}],"author":[{"embeddable":true,"href":"https:\/\/senior.club82.ro\/en\/wp-json\/wp\/v2\/users\/1"}],"replies":[{"embeddable":true,"href":"https:\/\/senior.club82.ro\/en\/wp-json\/wp\/v2\/comments?post=276"}],"version-history":[{"count":10,"href":"https:\/\/senior.club82.ro\/en\/wp-json\/wp\/v2\/pages\/276\/revisions"}],"predecessor-version":[{"id":328,"href":"https:\/\/senior.club82.ro\/en\/wp-json\/wp\/v2\/pages\/276\/revisions\/328"}],"wp:attachment":[{"href":"https:\/\/senior.club82.ro\/en\/wp-json\/wp\/v2\/media?parent=276"}],"curies":[{"name":"wp","href":"https:\/\/api.w.org\/{rel}","templated":true}]}}